{"id":82,"date":"2017-02-18T09:22:06","date_gmt":"2017-02-18T09:22:06","guid":{"rendered":"http:\/\/sbbqs.si\/?page_id=82"},"modified":"2024-08-18T20:53:21","modified_gmt":"2024-08-18T19:53:21","slug":"contact","status":"publish","type":"page","link":"https:\/\/sbbqs.si\/SI\/contact\/","title":{"rendered":"Kontakt"},"content":{"rendered":"<p><\/p>\n<p style=\"text-align: center;\"><strong><a href=\"mailto:info@sbbqs.si\">info@sbbqs.si<\/a><\/strong><\/p>\n<p style=\"text-align: center;\">&#8212;&#8212;&#8212;&#8212;&#8212;&#8212;&#8212;&#8212;&#8212;&#8212;&#8212;<\/p>\n<p style=\"text-align: center;\">BBQ dru\u0161tvo Slovenije<\/p>\n<p style=\"text-align: center;\">Studen\u010dice 17<\/p>\n<p style=\"text-align: center;\">1215 Medvode<\/p>\n<p style=\"text-align: center;\">mati\u010dna \u0161tevilka: 4097912000<\/p>\n<p style=\"text-align: center;\">dav\u010dna \u0161tevilka: SI35830468<\/p>\n<p style=\"text-align: center;\">TRR:\u00a0SI56 6100 0001 6833 145 pri Delavski hranilnici d.d.<\/p>\n<p style=\"text-align: center;\">Paypal ra\u010dun: info@sbbqs.si<\/p>\n<p style=\"text-align: center;\">SWIFT: HDELSI22<\/p>\n<p><img loading=\"lazy\" decoding=\"async\" class=\"wp-image-229 size-medium aligncenter\" src=\"https:\/\/sbbqs.si\/wp-content\/uploads\/2017\/03\/SiBBQ_logo-300x300.png\" alt=\"\" width=\"300\" height=\"300\" srcset=\"https:\/\/sbbqs.si\/wp-content\/uploads\/2017\/03\/SiBBQ_logo-300x300.png 300w, https:\/\/sbbqs.si\/wp-content\/uploads\/2017\/03\/SiBBQ_logo-150x150.png 150w, https:\/\/sbbqs.si\/wp-content\/uploads\/2017\/03\/SiBBQ_logo-768x768.png 768w, https:\/\/sbbqs.si\/wp-content\/uploads\/2017\/03\/SiBBQ_logo-1024x1024.png 1024w, https:\/\/sbbqs.si\/wp-content\/uploads\/2017\/03\/SiBBQ_logo-350x350.png 350w\" sizes=\"auto, (max-width: 300px) 100vw, 300px\" \/><\/p>","protected":false},"excerpt":{"rendered":"<p>info@sbbqs.si &#8212;&#8212;&#8212;&#8212;&#8212;&#8212;&#8212;&#8212;&#8212;&#8212;&#8212; BBQ dru\u0161tvo Slovenije Studen\u010dice 17 1215 Medvode mati\u010dna \u0161tevilka: 4097912000 dav\u010dna \u0161tevilka: SI35830468 TRR:\u00a0SI56 6100 0001 6833 145 pri Delavski hranilnici d.d. Paypal ra\u010dun: info@sbbqs.si SWIFT: HDELSI22 <a class=\"continue-reading-link\" href=\"https:\/\/sbbqs.si\/SI\/contact\/\">Continue reading<\/a><\/p>\n","protected":false},"author":1,"featured_media":0,"parent":0,"menu_order":0,"comment_status":"closed","ping_status":"closed","template":"","meta":{"footnotes":""},"class_list":["post-82","page","type-page","status-publish","hentry"],"_links":{"self":[{"href":"https:\/\/sbbqs.si\/SI\/wp-json\/wp\/v2\/pages\/82","targetHints":{"allow":["GET"]}}],"collection":[{"href":"https:\/\/sbbqs.si\/SI\/wp-json\/wp\/v2\/pages"}],"about":[{"href":"https:\/\/sbbqs.si\/SI\/wp-json\/wp\/v2\/types\/page"}],"author":[{"embeddable":true,"href":"https:\/\/sbbqs.si\/SI\/wp-json\/wp\/v2\/users\/1"}],"replies":[{"embeddable":true,"href":"https:\/\/sbbqs.si\/SI\/wp-json\/wp\/v2\/comments?post=82"}],"version-history":[{"count":14,"href":"https:\/\/sbbqs.si\/SI\/wp-json\/wp\/v2\/pages\/82\/revisions"}],"predecessor-version":[{"id":1142,"href":"https:\/\/sbbqs.si\/SI\/wp-json\/wp\/v2\/pages\/82\/revisions\/1142"}],"wp:attachment":[{"href":"https:\/\/sbbqs.si\/SI\/wp-json\/wp\/v2\/media?parent=82"}],"curies":[{"name":"wp","href":"https:\/\/api.w.org\/{rel}","templated":true}]}}