{"id":500,"date":"2017-09-04T09:31:22","date_gmt":"2017-09-04T08:31:22","guid":{"rendered":"http:\/\/sbbqs.si\/?page_id=500"},"modified":"2025-01-17T14:48:38","modified_gmt":"2025-01-17T13:48:38","slug":"membership","status":"publish","type":"page","link":"https:\/\/sbbqs.si\/SI\/membership\/","title":{"rendered":"V\u010dlanitev"},"content":{"rendered":"<p>Dobrodo\u0161li!<\/p>\n<p>\u010ce ste ljubitelji dima in ognja vas vljudno vabimo, da se v\u010dlanite v na\u0161e dru\u0161tvo.<\/p>\n<p>Skupaj bomo u\u017eivali v dobri hani, dru\u017eenju s somi\u0161ljeniki in se seveda tudi kaj nau\u010dili.<\/p>\n<p>Letna \u010dlanarina zna\u0161a 50 EUR in velja za koledarsko leto.<\/p>\n<p>Kot \u010dlan dru\u0161tva lahko koristite naslednje ugodnosti:<\/p>\n<ul>\n<li>ob vpisu ali obnovitvi \u010dlanstva brezpla\u010dno prejmete dru\u0161tveno maj\u010dko.<\/li>\n<li>kot \u010dlan SBBQS imate na vse BBQ te\u010daje pod okriljem na\u0161ega dru\u0161tva 10% popust.<\/li>\n<li>kot \u010dlan SBBQS lahko ob nakupu vstopnice za na\u0161 festival koristite 10% popust.<\/li>\n<li>kot \u010dlan SBBQS imate mo\u017enost sodelovati pri organizaciji na\u0161ih dogodkov in tako spoznati zakulisje festivalov, ter BBQ tekmovanj.<\/li>\n<li>na\u0161i dolgoletni \u010dlani vam bodo na voljo za nasvete ali pomo\u010d pri uresni\u010ditvi va\u0161ih kulinari\u010dnih \u017eelja.<\/li>\n<\/ul>\n<p>Za v\u010dlanitev v dru\u0161tvo prosimo iIzpolnite spodnji obrazec in v kratkem vas bomo kontaktirali.<\/p>\n<p>\n\t<section id=\"yikes-mailchimp-container-7\" class=\"yikes-mailchimp-container yikes-mailchimp-container-7 \">\n\t\t\t\t<form id=\"sbbqs-clanstvo-7\" class=\"yikes-easy-mc-form yikes-easy-mc-form-7  \" method=\"POST\" data-attr-form-id=\"7\">\n\n\t\t\t\t\t\t\t\t\t\t\t\t\t<label for=\"yikes-easy-mc-form-7-FNAME\"  class=\"FNAME-label yikes-mailchimp-field-required \">\n\n\t\t\t\t\t\t\t\t\t\t<!-- dictate label visibility -->\n\t\t\t\t\t\t\t\t\t\t\t\t\t\t\t\t\t\t\t\t\t<span class=\"FNAME-label\">\n\t\t\t\t\t\t\t\t\t\t\t\tIme\t\t\t\t\t\t\t\t\t\t\t<\/span>\n\t\t\t\t\t\t\t\t\t\t\n\t\t\t\t\t\t\t\t\t\t<!-- Description Above -->\n\t\t\t\t\t\t\t\t\t\t\n\t\t\t\t\t\t\t\t\t\t<input id=\"yikes-easy-mc-form-7-FNAME\"  name=\"FNAME\"  placeholder=\"\"  class=\"yikes-easy-mc-text \"  required=\"required\" type=\"text\"  value=\"\">\n\n\t\t\t\t\t\t\t\t\t\t<!-- Description Below -->\n\t\t\t\t\t\t\t\t\t\t\n\t\t\t\t\t\t\t\t\t<\/label>\n\t\t\t\t\t\t\t\t\t\t\t\t\t\t\t\t\t\t<label for=\"yikes-easy-mc-form-7-LNAME\"  class=\"LNAME-label yikes-mailchimp-field-required \">\n\n\t\t\t\t\t\t\t\t\t\t<!-- dictate label visibility -->\n\t\t\t\t\t\t\t\t\t\t\t\t\t\t\t\t\t\t\t\t\t<span class=\"LNAME-label\">\n\t\t\t\t\t\t\t\t\t\t\t\tPriimek\t\t\t\t\t\t\t\t\t\t\t<\/span>\n\t\t\t\t\t\t\t\t\t\t\n\t\t\t\t\t\t\t\t\t\t<!-- Description Above -->\n\t\t\t\t\t\t\t\t\t\t\n\t\t\t\t\t\t\t\t\t\t<input id=\"yikes-easy-mc-form-7-LNAME\"  name=\"LNAME\"  placeholder=\"\"  class=\"yikes-easy-mc-text \"  required=\"required\" type=\"text\"  value=\"\">\n\n\t\t\t\t\t\t\t\t\t\t<!-- Description Below -->\n\t\t\t\t\t\t\t\t\t\t\n\t\t\t\t\t\t\t\t\t<\/label>\n\t\t\t\t\t\t\t\t\t\t\t\t\t\t\t\t\t\t<label for=\"yikes-easy-mc-form-7-EMAIL\"  class=\"EMAIL-label yikes-mailchimp-field-required \">\n\n\t\t\t\t\t\t\t\t\t\t<!-- dictate label visibility -->\n\t\t\t\t\t\t\t\t\t\t\t\t\t\t\t\t\t\t\t\t\t<span class=\"EMAIL-label\">\n\t\t\t\t\t\t\t\t\t\t\t\tEmail Address\t\t\t\t\t\t\t\t\t\t\t<\/span>\n\t\t\t\t\t\t\t\t\t\t\n\t\t\t\t\t\t\t\t\t\t<!-- Description Above -->\n\t\t\t\t\t\t\t\t\t\t\n\t\t\t\t\t\t\t\t\t\t<input id=\"yikes-easy-mc-form-7-EMAIL\"  name=\"EMAIL\"  placeholder=\"\"  class=\"yikes-easy-mc-email \"  required=\"required\" type=\"email\"  value=\"\">\n\n\t\t\t\t\t\t\t\t\t\t<!-- Description Below -->\n\t\t\t\t\t\t\t\t\t\t\n\t\t\t\t\t\t\t\t\t<\/label>\n\t\t\t\t\t\t\t\t\t\t\t\t\t\t\t\t\t\t<label for=\"yikes-easy-mc-form-7-MMERGE3\"  class=\"MMERGE3-label yikes-mailchimp-field-required \">\n\n\t\t\t\t\t\t\t\t\t\t<!-- dictate label visibility -->\n\t\t\t\t\t\t\t\t\t\t\t\t\t\t\t\t\t\t\t\t\t<span class=\"MMERGE3-label\">\n\t\t\t\t\t\t\t\t\t\t\t\tTelefonska \u0161tevilka\t\t\t\t\t\t\t\t\t\t\t<\/span>\n\t\t\t\t\t\t\t\t\t\t\n\t\t\t\t\t\t\t\t\t\t<!-- Description Above -->\n\t\t\t\t\t\t\t\t\t\t\n\t\t\t\t\t\t\t\t\t\t<input id=\"yikes-easy-mc-form-7-MMERGE3\"  name=\"MMERGE3\"  placeholder=\"\"  class=\"yikes-easy-mc-text \"  required=\"required\" type=\"text\"  value=\"\">\n\n\t\t\t\t\t\t\t\t\t\t<!-- Description Below -->\n\t\t\t\t\t\t\t\t\t\t\n\t\t\t\t\t\t\t\t\t<\/label>\n\t\t\t\t\t\t\t\t\t\t\t\t\t\t\t\t\t\t<label for=\"yikes-easy-mc-form-7-MMERGE4\"  class=\"MMERGE4-label \">\n\n\t\t\t\t\t\t\t\t\t\t<!-- dictate label visibility -->\n\t\t\t\t\t\t\t\t\t\t\t\t\t\t\t\t\t\t\t\t\t<span class=\"MMERGE4-label\">\n\t\t\t\t\t\t\t\t\t\t\t\tPodatki za ra\u010dun - ime podjetja\t\t\t\t\t\t\t\t\t\t\t<\/span>\n\t\t\t\t\t\t\t\t\t\t\n\t\t\t\t\t\t\t\t\t\t<!-- Description Above -->\n\t\t\t\t\t\t\t\t\t\t\n\t\t\t\t\t\t\t\t\t\t<input id=\"yikes-easy-mc-form-7-MMERGE4\"  name=\"MMERGE4\"  placeholder=\"\"  class=\"yikes-easy-mc-text \"   type=\"text\"  value=\"\">\n\n\t\t\t\t\t\t\t\t\t\t<!-- Description Below -->\n\t\t\t\t\t\t\t\t\t\t\n\t\t\t\t\t\t\t\t\t<\/label>\n\t\t\t\t\t\t\t\t\t\t\t\t\t\t\t\t\t\t<label for=\"yikes-easy-mc-form-7-MMERGE5\"  class=\"MMERGE5-label \">\n\n\t\t\t\t\t\t\t\t\t\t<!-- dictate label visibility -->\n\t\t\t\t\t\t\t\t\t\t\t\t\t\t\t\t\t\t\t\t\t<span class=\"MMERGE5-label\">\n\t\t\t\t\t\t\t\t\t\t\t\tNaslov podjetja\t\t\t\t\t\t\t\t\t\t\t<\/span>\n\t\t\t\t\t\t\t\t\t\t\n\t\t\t\t\t\t\t\t\t\t<!-- Description Above -->\n\t\t\t\t\t\t\t\t\t\t\n\t\t\t\t\t\t\t\t\t\t<input id=\"yikes-easy-mc-form-7-MMERGE5\"  name=\"MMERGE5\"  placeholder=\"\"  class=\"yikes-easy-mc-text \"   type=\"text\"  value=\"\">\n\n\t\t\t\t\t\t\t\t\t\t<!-- Description Below -->\n\t\t\t\t\t\t\t\t\t\t\n\t\t\t\t\t\t\t\t\t<\/label>\n\t\t\t\t\t\t\t\t\t\t\t\t\t\t\t\t\t\t<label for=\"yikes-easy-mc-form-7-MMERGE6\"  class=\"MMERGE6-label \">\n\n\t\t\t\t\t\t\t\t\t\t<!-- dictate label visibility -->\n\t\t\t\t\t\t\t\t\t\t\t\t\t\t\t\t\t\t\t\t\t<span class=\"MMERGE6-label\">\n\t\t\t\t\t\t\t\t\t\t\t\tDav\u010dna \u0161tevilka podjetja\t\t\t\t\t\t\t\t\t\t\t<\/span>\n\t\t\t\t\t\t\t\t\t\t\n\t\t\t\t\t\t\t\t\t\t<!-- Description Above -->\n\t\t\t\t\t\t\t\t\t\t\n\t\t\t\t\t\t\t\t\t\t<input id=\"yikes-easy-mc-form-7-MMERGE6\"  name=\"MMERGE6\"  placeholder=\"\"  class=\"yikes-easy-mc-text \"   type=\"text\"  value=\"\">\n\n\t\t\t\t\t\t\t\t\t\t<!-- Description Below -->\n\t\t\t\t\t\t\t\t\t\t\n\t\t\t\t\t\t\t\t\t<\/label>\n\t\t\t\t\t\t\t\t\t\t\t\t\t\t\t\t\t\t<label for=\"yikes-easy-mc-form-7-MMERGE7\"  class=\"MMERGE7-label \">\n\n\t\t\t\t\t\t\t\t\t\t<!-- dictate label visibility -->\n\t\t\t\t\t\t\t\t\t\t\t\t\t\t\t\t\t\t\t\t\t<span class=\"MMERGE7-label\">\n\t\t\t\t\t\t\t\t\t\t\t\tOpomba\t\t\t\t\t\t\t\t\t\t\t<\/span>\n\t\t\t\t\t\t\t\t\t\t\n\t\t\t\t\t\t\t\t\t\t<!-- Description Above -->\n\t\t\t\t\t\t\t\t\t\t\n\t\t\t\t\t\t\t\t\t\t<input id=\"yikes-easy-mc-form-7-MMERGE7\"  name=\"MMERGE7\"  placeholder=\"\"  class=\"yikes-easy-mc-text \"   type=\"text\"  value=\"\">\n\n\t\t\t\t\t\t\t\t\t\t<!-- Description Below -->\n\t\t\t\t\t\t\t\t\t\t\n\t\t\t\t\t\t\t\t\t<\/label>\n\t\t\t\t\t\t\t\t\t<label class=\"yikes-mailchimp-eu-compliance-label\"><input type=\"checkbox\" required=\"required\" name=\"eu-laws\" value=\"1\" checked=\"checked\"> <div class=\"yikes-mailchimp-eu-compliance-text\"><p>Potrjujem v\u010dlanitev v Slovensko BBQ dru\u0161tvo.<\/p>\n<\/div><\/label>\n\t\t\t\t<!-- Honeypot Trap -->\n\t\t\t\t<input type=\"hidden\" name=\"yikes-mailchimp-honeypot\" id=\"yikes-mailchimp-honeypot-7\" value=\"\">\n\n\t\t\t\t<!-- List ID -->\n\t\t\t\t<input type=\"hidden\" name=\"yikes-mailchimp-associated-list-id\" id=\"yikes-mailchimp-associated-list-id-7\" value=\"107420578e\">\n\n\t\t\t\t<!-- The form that is being submitted! Used to display error\/success messages above the correct form -->\n\t\t\t\t<input type=\"hidden\" name=\"yikes-mailchimp-submitted-form\" id=\"yikes-mailchimp-submitted-form-7\" value=\"7\">\n\n\t\t\t\t<!-- Submit Button -->\n\t\t\t\t<button type=\"submit\" class=\"yikes-easy-mc-submit-button yikes-easy-mc-submit-button-7 btn btn-primary \"> <span class=\"yikes-mailchimp-submit-button-span-text\">Submit<\/span><\/button>\t\t\t\t<!-- Nonce Security Check -->\n\t\t\t\t<input type=\"hidden\" id=\"yikes_easy_mc_new_subscriber_7\" name=\"yikes_easy_mc_new_subscriber\" value=\"6bc34252c2\">\n\t\t\t\t<input type=\"hidden\" name=\"_wp_http_referer\" value=\"\/SI\/wp-json\/wp\/v2\/pages\/500\" \/>\t\t\t\t\n\t\t\t<\/form>\n\t\t\t<!-- Mailchimp Form generated by Easy Forms for Mailchimp v6.8.6 (https:\/\/wordpress.org\/plugins\/yikes-inc-easy-mailchimp-extender\/) -->\n\n\t\t\t<\/section>\n\t<\/p>","protected":false},"excerpt":{"rendered":"<p>Dobrodo\u0161li! \u010ce ste ljubitelji dima in ognja vas vljudno vabimo, da se v\u010dlanite v na\u0161e dru\u0161tvo. Skupaj bomo u\u017eivali v dobri hani, dru\u017eenju s somi\u0161ljeniki in se seveda tudi kaj nau\u010dili. Letna \u010dlanarina zna\u0161a 50 EUR in velja za koledarsko leto. Kot \u010dlan dru\u0161tva lahko koristite naslednje ugodnosti: ob vpisu\u2026 <a class=\"continue-reading-link\" href=\"https:\/\/sbbqs.si\/SI\/membership\/\">Continue reading<\/a><\/p>\n","protected":false},"author":1,"featured_media":0,"parent":0,"menu_order":0,"comment_status":"closed","ping_status":"closed","template":"","meta":{"footnotes":""},"class_list":["post-500","page","type-page","status-publish","hentry"],"_links":{"self":[{"href":"https:\/\/sbbqs.si\/SI\/wp-json\/wp\/v2\/pages\/500","targetHints":{"allow":["GET"]}}],"collection":[{"href":"https:\/\/sbbqs.si\/SI\/wp-json\/wp\/v2\/pages"}],"about":[{"href":"https:\/\/sbbqs.si\/SI\/wp-json\/wp\/v2\/types\/page"}],"author":[{"embeddable":true,"href":"https:\/\/sbbqs.si\/SI\/wp-json\/wp\/v2\/users\/1"}],"replies":[{"embeddable":true,"href":"https:\/\/sbbqs.si\/SI\/wp-json\/wp\/v2\/comments?post=500"}],"version-history":[{"count":7,"href":"https:\/\/sbbqs.si\/SI\/wp-json\/wp\/v2\/pages\/500\/revisions"}],"predecessor-version":[{"id":1152,"href":"https:\/\/sbbqs.si\/SI\/wp-json\/wp\/v2\/pages\/500\/revisions\/1152"}],"wp:attachment":[{"href":"https:\/\/sbbqs.si\/SI\/wp-json\/wp\/v2\/media?parent=500"}],"curies":[{"name":"wp","href":"https:\/\/api.w.org\/{rel}","templated":true}]}}